{"id":41,"date":"2018-09-13T03:42:46","date_gmt":"2018-09-13T03:42:46","guid":{"rendered":"http:\/\/irsfoundation.com\/wp\/regulations\/?page_id=41"},"modified":"2024-11-17T23:50:45","modified_gmt":"2024-11-17T23:50:45","slug":"specialistii","status":"publish","type":"page","link":"https:\/\/just-in.ro\/index.php\/specialistii\/","title":{"rendered":"Speciali\u0219tii"},"content":{"rendered":"<p><section data-kc-fullwidth=\"row\" class=\"kc-elm kc-css-716025 kc_row\"><div class=\"kc-row-container  kc-container  attorneys-section-s2\"><div class=\"kc-wrap-columns\"><div class=\"kc-elm kc-css-236198 kc_col-sm-12 kc_column kc_col-sm-12\"><div class=\"kc-col-container\">  <div class=\"section-title  section-title-69e3afe27e38b \">\r\n      <span>\u00eent\u00e2lne\u0219te echipa noastra<\/span>\r\n      <h2>Speciali\u0219tii no\u0219tri<\/h2>\r\n  <\/div>\r\n   <\/div><\/div><\/div><\/div><\/section><section class=\"kc-elm kc-css-613557 kc_row\"><div class=\"kc-row-container  kc-container\"><div class=\"kc-wrap-columns\"><div class=\"kc-elm kc-css-735603 kc_col-sm-12 kc_column kc_col-sm-12\"><div class=\"kc-col-container\">\n<div class=\"kc-elm kc-css-471353 kc-team kc-team-2\">\n\n\t<figure class=\"content-image\"><img decoding=\"async\" src=\"https:\/\/just-in.ro\/wp-content\/uploads\/2018\/09\/brian-mcgowan-2qkhvkO2CaA-unsplash1-1024x683.jpg\" alt=\"\"><\/figure><div class=\"box-right\"><div class=\"content-title\">Specialist<\/div><div class=\"content-subtitle\">Manager<\/div><div class=\"content-socials\"><a href=\"#\" target=\"_blank\"><i class=\"fab-facebook-f\"><\/i><\/a><a href=\"#\" target=\"_blank\"><i class=\"fab-twitter\"><\/i><\/a><a href=\"#\" target=\"_blank\"><i class=\"fab-google-plus-g\"><\/i><\/a><\/div><\/div>\n<\/div>\n<\/div><\/div><\/div><\/div><\/section><section data-kc-fullwidth=\"row\" class=\"kc-elm kc-css-42449 kc_row\"><div class=\"kc-row-container  kc-container\"><div class=\"kc-wrap-columns\"><div class=\"kc-elm kc-css-378284 kc_col-sm-12 kc_column kc_col-sm-12\"><div class=\"kc-col-container\">  <div class=\"cta-section row  cta-section-69e3afe27ec04 \">\r\n      <div class=\"col col-md-8\">\r\n          <div class=\"cta-text\">\r\n              <h2>Echipa noastr\u0103 de exper\u021bi profesioni\u0219ti \u00een coafarea p\u0103rului este \u00eentotdeauna gata s\u0103 v\u0103 serveasc\u0103 cea mai bun\u0103 solu\u021bie!<\/h2>\r\n              <p><\/p>\r\n              <a href=\"#\" class=\"theme-btn-s2\">Programeaza-te la salonul nostru, online, rapid si gratuit!<\/a>\r\n          <\/div>\r\n      <\/div>\r\n      <div class=\"info-box\">\r\n          <p>+40 730 570 354<\/p>\r\n          <p>justcojocaru@gmail.com<\/p>\r\n      <\/div>\r\n  <\/div>\r\n  <\/div><\/div><\/div><\/div><\/section><\/p>\n","protected":false},"excerpt":{"rendered":"","protected":false},"author":1,"featured_media":0,"parent":0,"menu_order":0,"comment_status":"closed","ping_status":"closed","template":"","meta":{"footnotes":""},"class_list":["post-41","page","type-page","status-publish","hentry"],"_links":{"self":[{"href":"https:\/\/just-in.ro\/index.php\/wp-json\/wp\/v2\/pages\/41","targetHints":{"allow":["GET"]}}],"collection":[{"href":"https:\/\/just-in.ro\/index.php\/wp-json\/wp\/v2\/pages"}],"about":[{"href":"https:\/\/just-in.ro\/index.php\/wp-json\/wp\/v2\/types\/page"}],"author":[{"embeddable":true,"href":"https:\/\/just-in.ro\/index.php\/wp-json\/wp\/v2\/users\/1"}],"replies":[{"embeddable":true,"href":"https:\/\/just-in.ro\/index.php\/wp-json\/wp\/v2\/comments?post=41"}],"version-history":[{"count":22,"href":"https:\/\/just-in.ro\/index.php\/wp-json\/wp\/v2\/pages\/41\/revisions"}],"predecessor-version":[{"id":539,"href":"https:\/\/just-in.ro\/index.php\/wp-json\/wp\/v2\/pages\/41\/revisions\/539"}],"wp:attachment":[{"href":"https:\/\/just-in.ro\/index.php\/wp-json\/wp\/v2\/media?parent=41"}],"curies":[{"name":"wp","href":"https:\/\/api.w.org\/{rel}","templated":true}]}}